{"id":13,"date":"2025-03-13T12:16:51","date_gmt":"2025-03-13T15:16:51","guid":{"rendered":"https:\/\/ayal.cl\/beta\/?page_id=13"},"modified":"2026-01-08T10:28:16","modified_gmt":"2026-01-08T13:28:16","slug":"nosotros","status":"publish","type":"page","link":"https:\/\/ayal.cl\/en\/nosotros\/","title":{"rendered":"About Us"},"content":{"rendered":"","protected":false},"excerpt":{"rendered":"","protected":false},"author":1,"featured_media":0,"parent":0,"menu_order":0,"comment_status":"closed","ping_status":"closed","template":"","meta":{"_acf_changed":false,"footnotes":""},"class_list":["post-13","page","type-page","status-publish","hentry"],"acf":[],"yoast_head":"<!-- This site is optimized with the Yoast SEO plugin v25.9 - https:\/\/yoast.com\/wordpress\/plugins\/seo\/ -->\n<title>Nosotros - Alarc\u00f3n Araya Abogados<\/title>\n<meta name=\"description\" content=\"En Alarcon y Araya Abogados, combinamos experiencia y compromiso para ofrecer asesor\u00eda legal especializada en derecho penal econ\u00f3mico y de la empresa. Nuestro equipo brinda soluciones estrat\u00e9gicas y un enfoque personalizado para cada caso. Descubre c\u00f3mo podemos ayudarte.\" \/>\n<meta name=\"robots\" content=\"index, follow, max-snippet:-1, max-image-preview:large, max-video-preview:-1\" \/>\n<link rel=\"canonical\" href=\"https:\/\/ayal.cl\/en\/nosotros\/\" \/>\n<meta property=\"og:locale\" content=\"en_US\" \/>\n<meta property=\"og:type\" content=\"article\" \/>\n<meta property=\"og:title\" content=\"Nosotros - Alarc\u00f3n Araya Abogados\" \/>\n<meta property=\"og:description\" content=\"En Alarcon y Araya Abogados, combinamos experiencia y compromiso para ofrecer asesor\u00eda legal especializada en derecho penal econ\u00f3mico y de la empresa. Nuestro equipo brinda soluciones estrat\u00e9gicas y un enfoque personalizado para cada caso. Descubre c\u00f3mo podemos ayudarte.\" \/>\n<meta property=\"og:url\" content=\"https:\/\/ayal.cl\/en\/nosotros\/\" \/>\n<meta property=\"og:site_name\" content=\"Alarc\u00f3n Araya Abogados\" \/>\n<meta property=\"article:modified_time\" content=\"2026-01-08T13:28:16+00:00\" \/>\n<meta name=\"twitter:card\" content=\"summary_large_image\" \/>\n<script type=\"application\/ld+json\" class=\"yoast-schema-graph\">{\"@context\":\"https:\/\/schema.org\",\"@graph\":[{\"@type\":\"WebPage\",\"@id\":\"https:\/\/ayal.cl\/nosotros\/\",\"url\":\"https:\/\/ayal.cl\/nosotros\/\",\"name\":\"Nosotros - Alarc\u00f3n Araya Abogados\",\"isPartOf\":{\"@id\":\"https:\/\/ayal.cl\/#website\"},\"datePublished\":\"2025-03-13T15:16:51+00:00\",\"dateModified\":\"2026-01-08T13:28:16+00:00\",\"description\":\"En Alarcon y Araya Abogados, combinamos experiencia y compromiso para ofrecer asesor\u00eda legal especializada en derecho penal econ\u00f3mico y de la empresa. Nuestro equipo brinda soluciones estrat\u00e9gicas y un enfoque personalizado para cada caso. Descubre c\u00f3mo podemos ayudarte.\",\"breadcrumb\":{\"@id\":\"https:\/\/ayal.cl\/nosotros\/#breadcrumb\"},\"inLanguage\":\"en-US\",\"potentialAction\":[{\"@type\":\"ReadAction\",\"target\":[\"https:\/\/ayal.cl\/nosotros\/\"]}]},{\"@type\":\"BreadcrumbList\",\"@id\":\"https:\/\/ayal.cl\/nosotros\/#breadcrumb\",\"itemListElement\":[{\"@type\":\"ListItem\",\"position\":1,\"name\":\"Portada\",\"item\":\"https:\/\/ayal.cl\/\"},{\"@type\":\"ListItem\",\"position\":2,\"name\":\"Nosotros\"}]},{\"@type\":\"WebSite\",\"@id\":\"https:\/\/ayal.cl\/#website\",\"url\":\"https:\/\/ayal.cl\/\",\"name\":\"Alarc\u00f3n Araya Abogados\",\"description\":\"\",\"publisher\":{\"@id\":\"https:\/\/ayal.cl\/#organization\"},\"potentialAction\":[{\"@type\":\"SearchAction\",\"target\":{\"@type\":\"EntryPoint\",\"urlTemplate\":\"https:\/\/ayal.cl\/?s={search_term_string}\"},\"query-input\":{\"@type\":\"PropertyValueSpecification\",\"valueRequired\":true,\"valueName\":\"search_term_string\"}}],\"inLanguage\":\"en-US\"},{\"@type\":\"Organization\",\"@id\":\"https:\/\/ayal.cl\/#organization\",\"name\":\"Alarc\u00f3n Araya Abogados\",\"url\":\"https:\/\/ayal.cl\/\",\"logo\":{\"@type\":\"ImageObject\",\"inLanguage\":\"en-US\",\"@id\":\"https:\/\/ayal.cl\/#\/schema\/logo\/image\/\",\"url\":\"https:\/\/ayal.cl\/wp-content\/uploads\/2025\/03\/logo.png\",\"contentUrl\":\"https:\/\/ayal.cl\/wp-content\/uploads\/2025\/03\/logo.png\",\"width\":326,\"height\":161,\"caption\":\"Alarc\u00f3n Araya Abogados\"},\"image\":{\"@id\":\"https:\/\/ayal.cl\/#\/schema\/logo\/image\/\"},\"sameAs\":[\"https:\/\/www.linkedin.com\/company\/alarcn-y-araya-abogados\/\"]}]}<\/script>\n<!-- \/ Yoast SEO plugin. -->","yoast_head_json":{"title":"Nosotros - Alarc\u00f3n Araya Abogados","description":"En Alarcon y Araya Abogados, combinamos experiencia y compromiso para ofrecer asesor\u00eda legal especializada en derecho penal econ\u00f3mico y de la empresa. Nuestro equipo brinda soluciones estrat\u00e9gicas y un enfoque personalizado para cada caso. Descubre c\u00f3mo podemos ayudarte.","robots":{"index":"index","follow":"follow","max-snippet":"max-snippet:-1","max-image-preview":"max-image-preview:large","max-video-preview":"max-video-preview:-1"},"canonical":"https:\/\/ayal.cl\/en\/nosotros\/","og_locale":"en_US","og_type":"article","og_title":"Nosotros - Alarc\u00f3n Araya Abogados","og_description":"En Alarcon y Araya Abogados, combinamos experiencia y compromiso para ofrecer asesor\u00eda legal especializada en derecho penal econ\u00f3mico y de la empresa. Nuestro equipo brinda soluciones estrat\u00e9gicas y un enfoque personalizado para cada caso. Descubre c\u00f3mo podemos ayudarte.","og_url":"https:\/\/ayal.cl\/en\/nosotros\/","og_site_name":"Alarc\u00f3n Araya Abogados","article_modified_time":"2026-01-08T13:28:16+00:00","twitter_card":"summary_large_image","schema":{"@context":"https:\/\/schema.org","@graph":[{"@type":"WebPage","@id":"https:\/\/ayal.cl\/nosotros\/","url":"https:\/\/ayal.cl\/nosotros\/","name":"Nosotros - Alarc\u00f3n Araya Abogados","isPartOf":{"@id":"https:\/\/ayal.cl\/#website"},"datePublished":"2025-03-13T15:16:51+00:00","dateModified":"2026-01-08T13:28:16+00:00","description":"En Alarcon y Araya Abogados, combinamos experiencia y compromiso para ofrecer asesor\u00eda legal especializada en derecho penal econ\u00f3mico y de la empresa. Nuestro equipo brinda soluciones estrat\u00e9gicas y un enfoque personalizado para cada caso. Descubre c\u00f3mo podemos ayudarte.","breadcrumb":{"@id":"https:\/\/ayal.cl\/nosotros\/#breadcrumb"},"inLanguage":"en-US","potentialAction":[{"@type":"ReadAction","target":["https:\/\/ayal.cl\/nosotros\/"]}]},{"@type":"BreadcrumbList","@id":"https:\/\/ayal.cl\/nosotros\/#breadcrumb","itemListElement":[{"@type":"ListItem","position":1,"name":"Portada","item":"https:\/\/ayal.cl\/"},{"@type":"ListItem","position":2,"name":"Nosotros"}]},{"@type":"WebSite","@id":"https:\/\/ayal.cl\/#website","url":"https:\/\/ayal.cl\/","name":"Alarc\u00f3n Araya Abogados","description":"","publisher":{"@id":"https:\/\/ayal.cl\/#organization"},"potentialAction":[{"@type":"SearchAction","target":{"@type":"EntryPoint","urlTemplate":"https:\/\/ayal.cl\/?s={search_term_string}"},"query-input":{"@type":"PropertyValueSpecification","valueRequired":true,"valueName":"search_term_string"}}],"inLanguage":"en-US"},{"@type":"Organization","@id":"https:\/\/ayal.cl\/#organization","name":"Alarc\u00f3n Araya Abogados","url":"https:\/\/ayal.cl\/","logo":{"@type":"ImageObject","inLanguage":"en-US","@id":"https:\/\/ayal.cl\/#\/schema\/logo\/image\/","url":"https:\/\/ayal.cl\/wp-content\/uploads\/2025\/03\/logo.png","contentUrl":"https:\/\/ayal.cl\/wp-content\/uploads\/2025\/03\/logo.png","width":326,"height":161,"caption":"Alarc\u00f3n Araya Abogados"},"image":{"@id":"https:\/\/ayal.cl\/#\/schema\/logo\/image\/"},"sameAs":["https:\/\/www.linkedin.com\/company\/alarcn-y-araya-abogados\/"]}]}},"_links":{"self":[{"href":"https:\/\/ayal.cl\/en\/wp-json\/wp\/v2\/pages\/13","targetHints":{"allow":["GET"]}}],"collection":[{"href":"https:\/\/ayal.cl\/en\/wp-json\/wp\/v2\/pages"}],"about":[{"href":"https:\/\/ayal.cl\/en\/wp-json\/wp\/v2\/types\/page"}],"author":[{"embeddable":true,"href":"https:\/\/ayal.cl\/en\/wp-json\/wp\/v2\/users\/1"}],"replies":[{"embeddable":true,"href":"https:\/\/ayal.cl\/en\/wp-json\/wp\/v2\/comments?post=13"}],"version-history":[{"count":15,"href":"https:\/\/ayal.cl\/en\/wp-json\/wp\/v2\/pages\/13\/revisions"}],"predecessor-version":[{"id":412,"href":"https:\/\/ayal.cl\/en\/wp-json\/wp\/v2\/pages\/13\/revisions\/412"}],"wp:attachment":[{"href":"https:\/\/ayal.cl\/en\/wp-json\/wp\/v2\/media?parent=13"}],"curies":[{"name":"wp","href":"https:\/\/api.w.org\/{rel}","templated":true}]}}